{"id":89,"date":"2022-08-30T22:25:13","date_gmt":"2022-08-30T22:25:13","guid":{"rendered":"https:\/\/cjw.ch\/?page_id=89"},"modified":"2025-04-12T16:14:14","modified_gmt":"2025-04-12T16:14:14","slug":"schwyzer-spiegel","status":"publish","type":"page","link":"https:\/\/cjw.ch\/","title":{"rendered":"Schwyzer Spiegel"},"content":{"rendered":"<p><iframe style=\"width: 600px;height: 600px; max-width:100%; display: inline-block\"  src=\"https:\/\/cjw.ch\/wp-content\/plugins\/embedpress\/assets\/pdf\/web\/viewer.html?file=https:\/\/cjw.ch\/wp-content\/uploads\/2022\/10\/Polit-Inserat_Lindauer_6.pdf#zoom=auto\"                             frameborder=\"0\"><\/iframe><\/p>\n<h2><em>Eine ungew\u00f6hnliche Aktion f\u00fcr Ursula Lindauer<\/em><\/h2>\n<h5>Schwyzer B\u00fcrgerinnen und B\u00fcrger engagieren sich f\u00fcr die Regierungsratskandidatin<\/h5>\n<p>Es begann mit einer <em>parteiunabh\u00e4ngigen<\/em> Inserateserie &#8220;M\u00e4nner f\u00fcr Ursula Lindauer&#8221; in der Schwyzer Lokalpresse. Nun, nach dem \u00fcberraschend guten Resultat der gr\u00fcnliberalen Regierungsratskandidatin im ersten Wahlgang vom 25. September 2022 melden sich auch Frauen unter der neu geschaffenen Inserat-Rubrik &#8220;Frauen f\u00fcr Ursula Lindauer&#8221;.<\/p>\n<p>Alle k\u00f6nnen mitmachen, unabh\u00e4ngig von Partei oder Zugeh\u00f6rigkeit.<\/p>\n<p>Und das geht so: Senden Sie eine kleine schriftliche Wahlempfehlung und ein Foto von Ihnen an die E-Mail-Adresse: maenner-fuer-lindauer@bluewin.ch oder frauen-fuer-lindauer@bluewin.ch. Bedingung f\u00fcr eine Publikation ist auch, dass Sie 200 Franken pro Inserat* einzahlen. Dies an folgendes IBAN-Konto:<\/p>\n<p>CH04 0077 7001 9021 2154 1 ( Schwyzer Kantonalbank \u2013 Kto Carl J. Wiget, Stelzliweg 12, 6430 Schwyz ).<\/p>\n<p>Mit dieser durchsichtigen Form der Finanzierung handelt die Inserate-Kampagne &#8220;M\u00e4nner f\u00fcr Ursula Lindauer&#8221; ganz im Sinne des neu geltenden Schwyzer Transparenzgesetzes.<\/p>\n<p>Machen Sie mit!<\/p>\n<p>* Entweder f\u00fcr 1 Inserat in &#8220;Bote der Urschweiz&#8221; oder \u00a0Marchanzeiger\/H\u00f6fner Volksblatt. 400 Franken betr\u00e4gt der Beitrag f\u00fcr ein Inserat sowohl in Inner- als auch in Ausserschwyz. (Aktualisiert)<\/p>\n<p>Kontakt und weitere Informationen:<\/p>\n<p>Carl J. Wiget, B\u00fcro f\u00fcr Kommunikation, L\u00fctzelhof Stelzliweg 12, CH-6430 Schwyz \u2013 E-Mail: cjw@cjw.ch\/Tel. +41 79 654 56 44<\/p>\n<h6><em>All rights reserved<\/em><\/h6>\n<p>\u00a0<\/p>\n<p>\u00a0<\/p>\n","protected":false},"excerpt":{"rendered":"<p>Eine ungew\u00f6hnliche Aktion f\u00fcr Ursula Lindauer Schwyzer B\u00fcrgerinnen und B\u00fcrger engagieren sich f\u00fcr die Regierungsratskandidatin Es begann mit einer parteiunabh\u00e4ngigen Inserateserie &#8220;M\u00e4nner f\u00fcr Ursula Lindauer&#8221; in der Schwyzer Lokalpresse. Nun, nach dem \u00fcberraschend guten Resultat der gr\u00fcnliberalen Regierungsratskandidatin im ersten Wahlgang vom 25. September 2022 melden sich auch Frauen unter der neu geschaffenen Inserat-Rubrik &#8220;Frauen [&hellip;]<\/p>\n","protected":false},"author":1,"featured_media":0,"parent":0,"menu_order":1,"comment_status":"closed","ping_status":"closed","template":"elementor_canvas","meta":{"footnotes":""},"class_list":["post-89","page","type-page","status-publish","hentry"],"_links":{"self":[{"href":"https:\/\/cjw.ch\/index.php?rest_route=\/wp\/v2\/pages\/89","targetHints":{"allow":["GET"]}}],"collection":[{"href":"https:\/\/cjw.ch\/index.php?rest_route=\/wp\/v2\/pages"}],"about":[{"href":"https:\/\/cjw.ch\/index.php?rest_route=\/wp\/v2\/types\/page"}],"author":[{"embeddable":true,"href":"https:\/\/cjw.ch\/index.php?rest_route=\/wp\/v2\/users\/1"}],"replies":[{"embeddable":true,"href":"https:\/\/cjw.ch\/index.php?rest_route=%2Fwp%2Fv2%2Fcomments&post=89"}],"version-history":[{"count":64,"href":"https:\/\/cjw.ch\/index.php?rest_route=\/wp\/v2\/pages\/89\/revisions"}],"predecessor-version":[{"id":223,"href":"https:\/\/cjw.ch\/index.php?rest_route=\/wp\/v2\/pages\/89\/revisions\/223"}],"wp:attachment":[{"href":"https:\/\/cjw.ch\/index.php?rest_route=%2Fwp%2Fv2%2Fmedia&parent=89"}],"curies":[{"name":"wp","href":"https:\/\/api.w.org\/{rel}","templated":true}]}}